{"id":2,"date":"2024-03-27T15:56:09","date_gmt":"2024-03-27T15:56:09","guid":{"rendered":"http:\/\/www.sttgs.com\/?page_id=2"},"modified":"2026-02-21T19:39:20","modified_gmt":"2026-02-21T19:39:20","slug":"pagina-ejemplo","status":"publish","type":"page","link":"https:\/\/www.sttgs.com\/","title":{"rendered":"Nuestra Especializaci\u00f3n"},"content":{"rendered":"\n<h3 class=\"wp-block-heading\">Especialistas en la gesti\u00f3n estrat\u00e9gica del riesgo contractual del software<\/h3>\n\n\n\n<p>Somos una Firma boutique experta en Technology Law especializada en la identificaci\u00f3n y gesti\u00f3n del riesgo normativo contractual derivado del uso del software, pionera en Panam\u00e1 en el enfoque estructurado de la gesti\u00f3n contractual del software -contratos marco, licenciamiento, soporte y mantenimiento, prestaci\u00f3n de servicios, desarrollo, implementaci\u00f3n y SLA- desde la perspectiva del riesgo normativo.<\/p>\n\n\n\n<p>Damos apoyo a entidades financieras y otras corporaciones cuando las decisiones en materia de software impactan directamente en la estabilidad operativa y financiera, as\u00ed como en la responsabilidad directiva. <\/p>\n\n\n\n<p>Nuestra pr\u00e1ctica incorpora conocimiento europeo a trav\u00e9s de derecho comparado y traslada al entorno paname\u00f1o los est\u00e1ndares y marcos de referencia desarrollados en jurisdicciones donde determinadas exigencias normativas son obligatorias, incorpor\u00e1ndolos como mejores pr\u00e1cticas estrat\u00e9gicas en contextos locales donde a\u00fan no lo son.Intervenimos de forma directa en los procesos de negociaci\u00f3n con los proveedores tecnol\u00f3gicos, actuando en nombre del cliente y en coordinaci\u00f3n con sus \u00e1reas legal, tecnol\u00f3gica y de procurement con la finalidad estrat\u00e9gica de equilibrar su posici\u00f3n contractual y reducir su exposici\u00f3n, mejorando los resultados normativos de la negociaci\u00f3n.<\/p>\n","protected":false},"excerpt":{"rendered":"<p>Especialistas en la gesti\u00f3n estrat\u00e9gica del riesgo contractual del software Somos una Firma boutique experta en Technology Law especializada en la identificaci\u00f3n y gesti\u00f3n del riesgo normativo contractual derivado del uso del software, pionera en Panam\u00e1 en el enfoque estructurado de la gesti\u00f3n contractual del software -contratos marco, licenciamiento, soporte y mantenimiento, prestaci\u00f3n de servicios,<span class=\"post-excerpt-end\">&hellip;<\/span><\/p>\n<p class=\"more-link\"><a href=\"https:\/\/www.sttgs.com\/\" class=\"themebutton\">Leer m\u00e1s<\/a><\/p>\n","protected":false},"author":1,"featured_media":0,"parent":0,"menu_order":0,"comment_status":"closed","ping_status":"open","template":"","meta":{"footnotes":""},"class_list":["post-2","page","type-page","status-publish","hentry"],"_links":{"self":[{"href":"https:\/\/www.sttgs.com\/index.php\/wp-json\/wp\/v2\/pages\/2","targetHints":{"allow":["GET"]}}],"collection":[{"href":"https:\/\/www.sttgs.com\/index.php\/wp-json\/wp\/v2\/pages"}],"about":[{"href":"https:\/\/www.sttgs.com\/index.php\/wp-json\/wp\/v2\/types\/page"}],"author":[{"embeddable":true,"href":"https:\/\/www.sttgs.com\/index.php\/wp-json\/wp\/v2\/users\/1"}],"replies":[{"embeddable":true,"href":"https:\/\/www.sttgs.com\/index.php\/wp-json\/wp\/v2\/comments?post=2"}],"version-history":[{"count":20,"href":"https:\/\/www.sttgs.com\/index.php\/wp-json\/wp\/v2\/pages\/2\/revisions"}],"predecessor-version":[{"id":162,"href":"https:\/\/www.sttgs.com\/index.php\/wp-json\/wp\/v2\/pages\/2\/revisions\/162"}],"wp:attachment":[{"href":"https:\/\/www.sttgs.com\/index.php\/wp-json\/wp\/v2\/media?parent=2"}],"curies":[{"name":"wp","href":"https:\/\/api.w.org\/{rel}","templated":true}]}}