{"id":25,"date":"2024-03-27T16:49:34","date_gmt":"2024-03-27T16:49:34","guid":{"rendered":"http:\/\/www.sttgs.com\/?page_id=25"},"modified":"2026-02-21T19:36:14","modified_gmt":"2026-02-21T19:36:14","slug":"contacto","status":"publish","type":"page","link":"https:\/\/www.sttgs.com\/index.php\/contacto\/","title":{"rendered":"Contacto"},"content":{"rendered":"\n<p>La gesti\u00f3n del riesgo contractual del software comienza por comprender la posici\u00f3n actual de la organizaci\u00f3n. Si su empresa mantiene relaciones contractuales complejas con proveedores tecnol\u00f3gicos y desea analizar su situaci\u00f3n desde una perspectiva jur\u00eddica y estrat\u00e9gica, podemos iniciar una conversaci\u00f3n confidencial.<\/p>\n\n\n\n<p>Toda consulta ser\u00e1 tratada con rigor, discreci\u00f3n y enfoque t\u00e9cnico.<\/p>\n\n\n\n<p>Tenemos presencia en Panam\u00e1 y Espa\u00f1a. Re\u00fanete con nosotros o p\u00eddenos que contactemos contigo. <\/p>\n\n\n\n<p>Estamos a tu disposici\u00f3n en: <a href=\"info@sttgs.com\">info@sttgs.com<\/a><\/p>\n\n\n<div class=\"wp-block-image\">\n<figure class=\"aligncenter size-full\"><img loading=\"lazy\" decoding=\"async\" width=\"720\" height=\"405\" src=\"http:\/\/www.sttgs.com\/wp-content\/uploads\/2024\/03\/Diapositiva1.jpeg\" alt=\"\" class=\"wp-image-83\" srcset=\"https:\/\/www.sttgs.com\/wp-content\/uploads\/2024\/03\/Diapositiva1.jpeg 720w, https:\/\/www.sttgs.com\/wp-content\/uploads\/2024\/03\/Diapositiva1-300x169.jpeg 300w\" sizes=\"auto, (max-width: 720px) 100vw, 720px\" \/><\/figure>\n<\/div>\n\n\n<div class=\"wp-block-columns are-vertically-aligned-center is-layout-flex wp-container-core-columns-is-layout-9d6595d7 wp-block-columns-is-layout-flex\"><\/div>\n","protected":false},"excerpt":{"rendered":"<p>La gesti\u00f3n del riesgo contractual del software comienza por comprender la posici\u00f3n actual de la organizaci\u00f3n. Si su empresa mantiene relaciones contractuales complejas con proveedores tecnol\u00f3gicos y desea analizar su situaci\u00f3n desde una perspectiva jur\u00eddica y estrat\u00e9gica, podemos iniciar una conversaci\u00f3n confidencial. Toda consulta ser\u00e1 tratada con rigor, discreci\u00f3n y enfoque t\u00e9cnico. Tenemos presencia en<span class=\"post-excerpt-end\">&hellip;<\/span><\/p>\n<p class=\"more-link\"><a href=\"https:\/\/www.sttgs.com\/index.php\/contacto\/\" class=\"themebutton\">Leer m\u00e1s<\/a><\/p>\n","protected":false},"author":1,"featured_media":0,"parent":0,"menu_order":0,"comment_status":"closed","ping_status":"closed","template":"","meta":{"footnotes":""},"class_list":["post-25","page","type-page","status-publish","hentry"],"_links":{"self":[{"href":"https:\/\/www.sttgs.com\/index.php\/wp-json\/wp\/v2\/pages\/25","targetHints":{"allow":["GET"]}}],"collection":[{"href":"https:\/\/www.sttgs.com\/index.php\/wp-json\/wp\/v2\/pages"}],"about":[{"href":"https:\/\/www.sttgs.com\/index.php\/wp-json\/wp\/v2\/types\/page"}],"author":[{"embeddable":true,"href":"https:\/\/www.sttgs.com\/index.php\/wp-json\/wp\/v2\/users\/1"}],"replies":[{"embeddable":true,"href":"https:\/\/www.sttgs.com\/index.php\/wp-json\/wp\/v2\/comments?post=25"}],"version-history":[{"count":11,"href":"https:\/\/www.sttgs.com\/index.php\/wp-json\/wp\/v2\/pages\/25\/revisions"}],"predecessor-version":[{"id":161,"href":"https:\/\/www.sttgs.com\/index.php\/wp-json\/wp\/v2\/pages\/25\/revisions\/161"}],"wp:attachment":[{"href":"https:\/\/www.sttgs.com\/index.php\/wp-json\/wp\/v2\/media?parent=25"}],"curies":[{"name":"wp","href":"https:\/\/api.w.org\/{rel}","templated":true}]}}