{"id":26,"date":"2024-03-27T16:49:34","date_gmt":"2024-03-27T16:49:34","guid":{"rendered":"http:\/\/www.sttgs.com\/?page_id=26"},"modified":"2026-02-21T19:27:34","modified_gmt":"2026-02-21T19:27:34","slug":"la-firma","status":"publish","type":"page","link":"https:\/\/www.sttgs.com\/index.php\/la-firma\/","title":{"rendered":"La Firma"},"content":{"rendered":"\n<div class=\"wp-block-columns is-layout-flex wp-container-core-columns-is-layout-9d6595d7 wp-block-columns-is-layout-flex\">\n<div class=\"wp-block-column is-layout-flow wp-block-column-is-layout-flow\">\n<figure class=\"wp-block-image size-full is-resized\"><img loading=\"lazy\" decoding=\"async\" width=\"959\" height=\"959\" src=\"http:\/\/www.sttgs.com\/wp-content\/uploads\/2024\/04\/IMG_4234.jpeg\" alt=\"\" class=\"wp-image-108\" style=\"width:415px;height:auto\" srcset=\"https:\/\/www.sttgs.com\/wp-content\/uploads\/2024\/04\/IMG_4234.jpeg 959w, https:\/\/www.sttgs.com\/wp-content\/uploads\/2024\/04\/IMG_4234-300x300.jpeg 300w, https:\/\/www.sttgs.com\/wp-content\/uploads\/2024\/04\/IMG_4234-150x150.jpeg 150w, https:\/\/www.sttgs.com\/wp-content\/uploads\/2024\/04\/IMG_4234-768x768.jpeg 768w\" sizes=\"auto, (max-width: 959px) 100vw, 959px\" \/><\/figure>\n<\/div>\n\n\n\n<div class=\"wp-block-column is-layout-flow wp-block-column-is-layout-flow\">\n<blockquote class=\"wp-block-quote is-layout-flow wp-block-quote-is-layout-flow\">\n<pre class=\"wp-block-verse\">El software dej\u00f3 de ser una herramienta operativa hace a\u00f1os. Hoy es el principal generador de obligaciones contractuales complejas dentro de la empresa. Cuando esa posici\u00f3n jur\u00eddica es d\u00e9bil, la vulnerabilidad no es t\u00e9cnica: es econ\u00f3mica y estrat\u00e9gica.<br><br>Por eso, no abordamos la tecnolog\u00eda como un \u00e1rea jur\u00eddica m\u00e1s. La abordamos como una categor\u00eda espec\u00edfica de riesgo empresarial.<\/pre>\n<cite>Javier Garmendia, CEO de Strategos Tech Law<\/cite><\/blockquote>\n<\/div>\n<\/div>\n\n\n\n<p>Strategos Tech Law nace como una pr\u00e1ctica especializada en una categor\u00eda espec\u00edfica de riesgo: el riesgo normativo y contractual derivado de la dependencia tecnol\u00f3gica. Mi trayectoria en Derecho de la Tecnolog\u00eda, desarrollada durante m\u00e1s de veinte a\u00f1os en entornos europeos exigentes, me ha permitido constatar que la sofisticaci\u00f3n contractual del software supera, en muchos casos, la capacidad interna de las organizaciones para gestionarlo estrat\u00e9gicamente.<\/p>\n\n\n\n<p>Trabajo directamente con la Alta Direcci\u00f3n y con las \u00e1reas legales, tecnol\u00f3gicas y de procurement cuando la negociaci\u00f3n con proveedores tecnol\u00f3gicos exige una intervenci\u00f3n estructurada, t\u00e9cnica y comparada.<\/p>\n\n\n\n<p>No intervenimos en lo accesorio. Intervenimos cuando la posici\u00f3n contractual importa (<a href=\"https:\/\/www.sttgs.com\/index.php\/servicios\/\" data-type=\"page\" data-id=\"24\">portfolio<\/a>).<\/p>\n","protected":false},"excerpt":{"rendered":"<p>El software dej\u00f3 de ser una herramienta operativa hace a\u00f1os. Hoy es el principal generador de obligaciones contractuales complejas dentro de la empresa. Cuando esa posici\u00f3n jur\u00eddica es d\u00e9bil, la vulnerabilidad no es t\u00e9cnica: es econ\u00f3mica y estrat\u00e9gica.Por eso, no abordamos la tecnolog\u00eda como un \u00e1rea jur\u00eddica m\u00e1s. La abordamos como una categor\u00eda espec\u00edfica de<span class=\"post-excerpt-end\">&hellip;<\/span><\/p>\n<p class=\"more-link\"><a href=\"https:\/\/www.sttgs.com\/index.php\/la-firma\/\" class=\"themebutton\">Leer m\u00e1s<\/a><\/p>\n","protected":false},"author":1,"featured_media":0,"parent":0,"menu_order":0,"comment_status":"closed","ping_status":"closed","template":"","meta":{"footnotes":""},"class_list":["post-26","page","type-page","status-publish","hentry"],"_links":{"self":[{"href":"https:\/\/www.sttgs.com\/index.php\/wp-json\/wp\/v2\/pages\/26","targetHints":{"allow":["GET"]}}],"collection":[{"href":"https:\/\/www.sttgs.com\/index.php\/wp-json\/wp\/v2\/pages"}],"about":[{"href":"https:\/\/www.sttgs.com\/index.php\/wp-json\/wp\/v2\/types\/page"}],"author":[{"embeddable":true,"href":"https:\/\/www.sttgs.com\/index.php\/wp-json\/wp\/v2\/users\/1"}],"replies":[{"embeddable":true,"href":"https:\/\/www.sttgs.com\/index.php\/wp-json\/wp\/v2\/comments?post=26"}],"version-history":[{"count":12,"href":"https:\/\/www.sttgs.com\/index.php\/wp-json\/wp\/v2\/pages\/26\/revisions"}],"predecessor-version":[{"id":158,"href":"https:\/\/www.sttgs.com\/index.php\/wp-json\/wp\/v2\/pages\/26\/revisions\/158"}],"wp:attachment":[{"href":"https:\/\/www.sttgs.com\/index.php\/wp-json\/wp\/v2\/media?parent=26"}],"curies":[{"name":"wp","href":"https:\/\/api.w.org\/{rel}","templated":true}]}}